{"id":874,"date":"2021-12-24T14:06:45","date_gmt":"2021-12-24T14:06:45","guid":{"rendered":"https:\/\/arriendopucon.cl\/?post_type=product&#038;p=874"},"modified":"2022-03-16T21:27:58","modified_gmt":"2022-03-16T21:27:58","slug":"departamento-condominio-pucon-andino-3-dormitorios-2-banos","status":"publish","type":"product","link":"https:\/\/arriendopucon.cl\/?product=departamento-condominio-pucon-andino-3-dormitorios-2-banos","title":{"rendered":"Departamento Condominio Puc\u00f3n Andino<br><i class=\"fas fa-bed\"><\/i> 3 Dormitorios &nbsp;|&nbsp; <i class=\"fas fa-bath\"><\/i> 2 Ba\u00f1os"},"content":{"rendered":"<p><iframe loading=\"lazy\" style=\"border: 0;\" src=\"https:\/\/www.google.com\/maps\/embed?pb=!1m14!1m8!1m3!1d12351.284741593405!2d-71.9822222!3d-39.2923056!3m2!1i1024!2i768!4f13.1!3m3!1m2!1s0x0%3A0xb422a8d1fcc91bb3!2sCondominio%20Puc%C3%B3n%20Andino!5e0!3m2!1ses-419!2scl!4v1640354884274!5m2!1ses-419!2scl\" width=\"600\" height=\"450\" allowfullscreen=\"allowfullscreen\"><\/iframe><\/p>\n","protected":false},"excerpt":{"rendered":"<p>C\u00f3modo departamento amoblado disponible de marzo a diciembre, ubicado en camino al volc\u00e1n, a s\u00f3lo 2,5 km del centro de Puc\u00f3n y 14 km del centro de ski, en el condominio Puc\u00f3n Andino.<br \/>\nEl departamento se encuentra en 2do piso y cuenta con 72 M2 \u00fatiles y 7 M2 de terraza. 3 dormitorios, principal en suite, dos ba\u00f1os, iluminado living comedor con acceso a terraza amplia y agradable. Cocina integrada y equipada con encimera y termo el\u00e9ctrico, se arrienda con lavadora-secadora. Ventanas en termo panel, piso flotante y porcelanato en ba\u00f1os. Cuenta con 1 estacionamiento al aire libre.<br \/>\nEl departamento se encuentra en un condominio seguro y emplazado en bosque nativo, con lindas \u00e1reas comunes, piscina, quincho, juegos infantiles, cancha de futbolito y amplias zonas verdes. Condominio con acceso controlado y seguridad 24 hrs. Una propiedad ideal para disfrutar viviendo durante el a\u00f1o!<\/p>\n<p><strong><i class=\"fas fa-bed\"><\/i> Dormitorios: 3<\/strong><br \/>\n<strong><i class=\"fas fa-chair\"><\/i> Living, comedor, cocina integrada equipada<\/strong><br \/>\n<strong><i class=\"fas fa-bath\"><\/i> Ba\u00f1os: 2<\/strong><br \/>\n<strong><i class=\"fas fa-mountain\"><\/i>Terraza<br \/>\n<strong><i class=\"fas fa-store-alt\"><\/i> Quincho<\/strong><br \/>\n<strong><i class=\"fas fa-swimming-pool\"><\/i> Piscina<\/strong><\/strong><\/p>\n<p>Valor marzo a diciembre: $600.000, gastos comunes incluidos.<br \/>\nConsumo de luz no incluido.<br \/>\nEl departamento se arrienda amoblado.<\/p>\n<p>Requisitos para arrendar<br \/>\nInforme Dicom<br \/>\nAcreditaci\u00f3n de renta<br \/>\n3 \u00faltimas liquidaciones de sueldo<br \/>\n1 Mes de garant\u00eda<\/p>\n<p>Comisi\u00f3n corretaje 50% del valor de 1 mes.<\/p>\n<p>OTRAS OBSERVACIONES:<br \/>\n* NO se aceptan mascotas<\/p>\n","protected":false},"featured_media":892,"comment_status":"open","ping_status":"closed","template":"","meta":[],"class_list":{"0":"post-874","1":"product","2":"type-product","3":"status-publish","4":"has-post-thumbnail","6":"product_cat-arriendo-ano-corrido","7":"product_cat-arriendo-mensual","8":"product_cat-departamento","10":"entry","11":"has-media","13":"first","14":"outofstock","15":"shipping-taxable","16":"purchasable","17":"product-type-simple","18":"col","19":"span_1_of_4","20":"owp-content-center","21":"owp-thumbs-layout-horizontal","22":"owp-btn-normal","23":"owp-tabs-layout-horizontal"},"_links":{"self":[{"href":"https:\/\/arriendopucon.cl\/index.php?rest_route=\/wp\/v2\/product\/874","targetHints":{"allow":["GET"]}}],"collection":[{"href":"https:\/\/arriendopucon.cl\/index.php?rest_route=\/wp\/v2\/product"}],"about":[{"href":"https:\/\/arriendopucon.cl\/index.php?rest_route=\/wp\/v2\/types\/product"}],"replies":[{"embeddable":true,"href":"https:\/\/arriendopucon.cl\/index.php?rest_route=%2Fwp%2Fv2%2Fcomments&post=874"}],"wp:featuredmedia":[{"embeddable":true,"href":"https:\/\/arriendopucon.cl\/index.php?rest_route=\/wp\/v2\/media\/892"}],"wp:attachment":[{"href":"https:\/\/arriendopucon.cl\/index.php?rest_route=%2Fwp%2Fv2%2Fmedia&parent=874"}],"curies":[{"name":"wp","href":"https:\/\/api.w.org\/{rel}","templated":true}]}}