{"id":858,"date":"2021-12-16T13:30:25","date_gmt":"2021-12-16T13:30:25","guid":{"rendered":"https:\/\/arriendopucon.cl\/?post_type=product&#038;p=858"},"modified":"2025-01-15T23:01:17","modified_gmt":"2025-01-15T23:01:17","slug":"departamento-condominio-parque-pinares-2-dormitorios-2-banos","status":"publish","type":"product","link":"https:\/\/arriendopucon.cl\/?product=departamento-condominio-parque-pinares-2-dormitorios-2-banos","title":{"rendered":"Departamento Condominio Parque Pinares<br><i class=\"fas fa-bed\"><\/i> 2 Dormitorios &nbsp;|&nbsp; <i class=\"fas fa-bath\"><\/i> 2 Ba\u00f1os"},"content":{"rendered":"<p><iframe loading=\"lazy\" style=\"border: 0;\" src=\"https:\/\/www.google.com\/maps\/embed?pb=!1m14!1m8!1m3!1d12353.03555030092!2d-71.9861536!3d-39.282379!3m2!1i1024!2i768!4f13.1!3m3!1m2!1s0x0%3A0x59a56866780b36e7!2sParque%20Pinares!5e0!3m2!1ses-419!2scl!4v1619580651019!5m2!1ses-419!2scl\" width=\"400\" height=\"300\" allowfullscreen=\"allowfullscreen\"><span data-mce-type=\"bookmark\" style=\"display: inline-block; width: 0px; overflow: hidden; line-height: 0;\" class=\"mce_SELRES_start\">\ufeff<\/span><\/iframe><\/p>\n","protected":false},"excerpt":{"rendered":"<p style=\"text-align: justify;\">Departamento nuevo y acogedor en exclusivo condominio a pasos de Puc\u00f3n, con acceso directo a playa.<\/p>\n<p>Living, comedor y cocina unidos con acceso a terraza equipada con parrilla empotrada y una excelente vista a la Poza de Puc\u00f3n.<br \/>\nCuenta con 2 dormitorios y 2 ba\u00f1os, principal en suite con acceso a una agradable terraza y segundo dormitorio con 2 camas de 1 plaza.<br \/>\nCalefacci\u00f3n central por radiadores en base a caldera a gas (consumo por concepto de gas se cobra aparte segun estado de medidor). El departamento cuenta con Directv. Este condominio cuenta con grandes \u00e1reas verdes, piscina y orilla de lago, espec\u00edficamente la Poza de Puc\u00f3n. Acceso controlado y seguridad las 24 hrs, adem\u00e1s de un Clubhouse con sala de cine, 4 salones gourmet, 4 quinchos exteriores, sala de pool, sala de juegos, sala de juegos para ni\u00f1os, gimnasio, jacuzzis con hidromasajes y m\u00e1s. Una propiedad ideal para disfrutar junto a la familia. El departamento cuenta con un estacionamiento.<br \/>\nUbicado en el exclusivo condominio Parque Pinares, en excelente ubicaci\u00f3n a solo 800 metros del acceso a Puc\u00f3n, muy cercano a los principales atractivos de la ciudad.<\/p>\n<p><strong><i class=\"fas fa-bed\"><\/i> Dormitorios: 2<\/strong><br \/>\n<strong><i class=\"fas fa-chair\"><\/i> Living, comedor, cocina integrada equipada<\/strong><br \/>\n<strong><i class=\"fas fa-bath\"><\/i> Ba\u00f1os: 2<\/strong><br \/>\n<i class=\"fab fa-hotjar\"><\/i> <strong>Calefacci\u00f3n central<\/strong><br \/>\n<strong><i class=\"fas fa-mountain\"><\/i>Terraza con vista a La Poza<\/strong><br \/>\n<strong><i class=\"fas fa-store-alt\"><\/i> Club House<\/strong><br \/>\n<strong><i class=\"fas fa-swimming-pool\"><\/i> Piscina<\/strong><br \/>\n<strong><i class=\"fas fa-running\"><\/i> Gimnasio<\/strong><br \/>\n<strong><i class=\"fas fa-umbrella-beach\"><\/i> Acceso directo al Lago<\/strong><\/p>\n<p>Valor por noche temporada baja: $130.000<br \/>\nValor por noche temporada alta (enero y febrero): $160.000<br \/>\n*m\u00ednimo de estad\u00eda 3 noches<br \/>\nAseo final y lavander\u00eda se paga por separado ($55.000)<\/p>\n<p>Comisi\u00f3n corretaje 10% del total de noches arrendadas<\/p>\n<p>HORARIO CHECK IN: 15:00 hrs.<br \/>\nHORARIO CHECK OUT: 12:00 hrs<\/p>\n<p>OTRAS OBSERVACIONES:<br \/>\n* M\u00e1ximo 4 hu\u00e9spedes<br \/>\n* NO se permiten mascotas<br \/>\n*Arriendo incluye s\u00e1banas y toallas, lavander\u00eda se paga aparte<br \/>\n* Consumo por concepto de gas se cobra aparte segun estado de medidor<\/p>\n","protected":false},"featured_media":868,"comment_status":"open","ping_status":"closed","template":"","meta":[],"class_list":{"0":"post-858","1":"product","2":"type-product","3":"status-publish","4":"has-post-thumbnail","6":"product_cat-arriendo-por-dia","7":"product_cat-arriendo-temporada","8":"product_cat-departamento","10":"entry","11":"has-media","13":"first","14":"instock","15":"shipping-taxable","16":"purchasable","17":"product-type-simple","18":"col","19":"span_1_of_4","20":"owp-content-center","21":"owp-thumbs-layout-horizontal","22":"owp-btn-normal","23":"owp-tabs-layout-horizontal"},"_links":{"self":[{"href":"https:\/\/arriendopucon.cl\/index.php?rest_route=\/wp\/v2\/product\/858","targetHints":{"allow":["GET"]}}],"collection":[{"href":"https:\/\/arriendopucon.cl\/index.php?rest_route=\/wp\/v2\/product"}],"about":[{"href":"https:\/\/arriendopucon.cl\/index.php?rest_route=\/wp\/v2\/types\/product"}],"replies":[{"embeddable":true,"href":"https:\/\/arriendopucon.cl\/index.php?rest_route=%2Fwp%2Fv2%2Fcomments&post=858"}],"wp:featuredmedia":[{"embeddable":true,"href":"https:\/\/arriendopucon.cl\/index.php?rest_route=\/wp\/v2\/media\/868"}],"wp:attachment":[{"href":"https:\/\/arriendopucon.cl\/index.php?rest_route=%2Fwp%2Fv2%2Fmedia&parent=858"}],"curies":[{"name":"wp","href":"https:\/\/api.w.org\/{rel}","templated":true}]}}