{"id":495,"date":"2021-04-28T02:20:40","date_gmt":"2021-04-28T02:20:40","guid":{"rendered":"https:\/\/arriendopucon.cl\/?post_type=product&#038;p=495"},"modified":"2026-01-30T00:38:53","modified_gmt":"2026-01-30T00:38:53","slug":"departamento-condominio-parque-volcan","status":"publish","type":"product","link":"https:\/\/arriendopucon.cl\/?product=departamento-condominio-parque-volcan","title":{"rendered":"Departamento Condominio Parque Volc\u00e1n<br><strong><i class=\"fas fa-bed\"><\/i> 2 Dormitorios<\/strong> &nbsp;|&nbsp; <strong><i class=\"fas fa-bath\"><\/i> 2 Ba\u00f1os<\/strong>"},"content":{"rendered":"<p><iframe loading=\"lazy\" style=\"border: 0;\" src=\"https:\/\/www.google.com\/maps\/embed?pb=!1m18!1m12!1m3!1d3087.8418045438293!2d-71.98165678501711!3d-39.29183802782068!2m3!1f0!2f0!3f0!3m2!1i1024!2i768!4f13.1!3m3!1m2!1s0x96147f36a206d45f%3A0x3298db0c66561e7!2sCamino%20Al%20Volcan%20930%2C%20Puc%C3%B3n%2C%20Araucan%C3%ADa!5e0!3m2!1ses-419!2scl!4v1619576967333!5m2!1ses-419!2scl\" width=\"400\" height=\"300\" allowfullscreen=\"allowfullscreen\"><\/iframe><\/p>\n","protected":false},"excerpt":{"rendered":"<p style=\"text-align: justify;\">Acogedor departamento a solo 5 minutos (1,5 km) del centro de Puc\u00f3n, en el camino al Volc\u00e1n, Condominio \u201cParque del Volc\u00e1n\u201d. Cuenta con dos dormitorios, principal en suite m\u00e1s segundo ba\u00f1o, living comedor unidos con acceso a una peque\u00f1a pero agradable terraza con vista a un precioso bosque nativo. Cocina americana. Cuenta con lavadora\/secadora y un estacionamiento. El condominio tiene acceso controlado las 24 hrs del d\u00eda, \u00e1reas comunes con piscina y quincho. Un lugar seguro para disfrutar junto a la familia a pasos del centro y playa de Puc\u00f3n y a pocos km del Centro de Ski.<\/p>\n<p><strong><i class=\"fas fa-bed\"><\/i> Dormitorios: 2<\/strong><br \/>\n<strong><i class=\"fas fa-chair\"><\/i> Living, comedor, cocina americana<\/strong><br \/>\n<strong><i class=\"fas fa-bath\"><\/i> Ba\u00f1os: 2<\/strong><br \/>\n<strong><i class=\"fas fa-car\"><\/i> Estacionamiento<\/strong><br \/>\n<strong><i class=\"fas fa-mountain\"><\/i> Terraza con vista a Bosque Nativo<\/strong><br \/>\n<strong><i class=\"fas fa-store-alt\"><\/i> Quincho<\/strong><br \/>\n<strong><i class=\"fas fa-swimming-pool\"><\/i> Piscina<\/strong><br \/>\n<strong><i class=\"fas fa-umbrella-beach\"><\/i> Cercano a centro y playa de Puc\u00f3n<\/strong><br \/>\n<strong><i class=\"fas fa-snowboarding\"><\/i> Cercano a Centro de Ski<\/strong><\/p>\n<p>Valor mensual: $500.000 con gastos comunes incluidos<br \/>\nCuentas de servicios: agua, luz y gas se pagan por separado.<\/p>\n<p>*No se permiten Mascotas<\/p>\n","protected":false},"featured_media":496,"comment_status":"open","ping_status":"closed","template":"","meta":[],"class_list":{"0":"post-495","1":"product","2":"type-product","3":"status-publish","4":"has-post-thumbnail","6":"product_cat-arriendo-ano-corrido","7":"product_cat-departamento","9":"entry","10":"has-media","12":"first","13":"instock","14":"shipping-taxable","15":"purchasable","16":"product-type-simple","17":"col","18":"span_1_of_4","19":"owp-content-center","20":"owp-thumbs-layout-horizontal","21":"owp-btn-normal","22":"owp-tabs-layout-horizontal"},"_links":{"self":[{"href":"https:\/\/arriendopucon.cl\/index.php?rest_route=\/wp\/v2\/product\/495","targetHints":{"allow":["GET"]}}],"collection":[{"href":"https:\/\/arriendopucon.cl\/index.php?rest_route=\/wp\/v2\/product"}],"about":[{"href":"https:\/\/arriendopucon.cl\/index.php?rest_route=\/wp\/v2\/types\/product"}],"replies":[{"embeddable":true,"href":"https:\/\/arriendopucon.cl\/index.php?rest_route=%2Fwp%2Fv2%2Fcomments&post=495"}],"wp:featuredmedia":[{"embeddable":true,"href":"https:\/\/arriendopucon.cl\/index.php?rest_route=\/wp\/v2\/media\/496"}],"wp:attachment":[{"href":"https:\/\/arriendopucon.cl\/index.php?rest_route=%2Fwp%2Fv2%2Fmedia&parent=495"}],"curies":[{"name":"wp","href":"https:\/\/api.w.org\/{rel}","templated":true}]}}