{"id":362,"date":"2021-04-22T07:20:19","date_gmt":"2021-04-22T07:20:19","guid":{"rendered":"https:\/\/arriendopucon.cl\/?post_type=product&#038;p=362"},"modified":"2025-08-27T20:10:27","modified_gmt":"2025-08-27T20:10:27","slug":"departamento-condominio-costa-pucon","status":"publish","type":"product","link":"https:\/\/arriendopucon.cl\/?product=departamento-condominio-costa-pucon","title":{"rendered":"Departamento Condominio Costa Puc\u00f3n<br><strong><i class=\"fas fa-bed\"><\/i> 3 Dormitorios<\/strong> &nbsp;|&nbsp; <strong><i class=\"fas fa-bath\"><\/i> 2 Ba\u00f1os<\/strong>"},"content":{"rendered":"<p><iframe loading=\"lazy\" style=\"border: 0;\" src=\"https:\/\/www.google.com\/maps\/embed?pb=!1m18!1m12!1m3!1d3088.894841667472!2d-71.97702222485566!3d-39.267952518538294!2m3!1f0!2f0!3f0!3m2!1i1024!2i768!4f13.1!3m3!1m2!1s0x96147f6d18809333%3A0x6ad6cbf5b48a4e9b!2sRamon%20Quezada%20555%2C%20Pucon%2C%20Puc%C3%B3n%2C%20Araucan%C3%ADa!5e0!3m2!1ses-419!2scl!4v1734638779572!5m2!1ses-419!2scl\" width=\"600\" height=\"450\" allowfullscreen=\"allowfullscreen\"><\/iframe><\/p>\n","protected":false},"excerpt":{"rendered":"<p style=\"text-align: justify;\">Lindo y c\u00f3modo departamento en condominio a pasos de la playa de Puc\u00f3n, con vista al volc\u00e1n en condominio Costa Puc\u00f3n.<br \/>\nEl departamento se encuentra en un 3er piso, cuenta con 3 dormitorios, principal en suite, 2do dormitorio con camarote y cama de 1 plaza y media nido y 3er dormitorio con camarote nido, 2 ba\u00f1os, cocina americana, comedor y living con salida a c\u00f3moda terraza con parrilla y vista panor\u00e1mica al volc\u00e1n. TV con Directv prepago en living (sin wifi), calefacci\u00f3n central en base a caldera a gas (consumo por concepto de gas se cobra aparte seg\u00fan estado de medidor al check in y check out), 2 estacionamientos. El condominio cuenta con lindas \u00e1reas verdes, 2 piscinas, 2 quinchos con sal\u00f3n de eventos, juegos infantiles, bicicleteros, sala de lavander\u00eda y acceso directo a playa grande de Puc\u00f3n. Lugar ideal para disfrutar en familia en una excelente ubicaci\u00f3n a pasos del centro.<\/p>\n<p><strong><i class=\"fas fa-bed\"><\/i> Dormitorios: 3<\/strong><br \/>\n<strong><i class=\"fas fa-chair\"><\/i> Living, comedor, cocina americana<\/strong><br \/>\n<strong><i class=\"fas fa-bath\"><\/i> Ba\u00f1os: 2<\/strong><br \/>\n<strong><i class=\"fas fa-car\"><\/i> Estacionamientos: 2<\/strong><br \/>\n<strong><i class=\"fas fa-tv\"><\/i> Televisi\u00f3n: TV Cable Prepago en living<\/strong><br \/>\n<strong><i class=\"fas fa-mountain\"><\/i> Terraza (Parrilla) con vista al Volc\u00e1n<\/strong><br \/>\n<strong><i class=\"fas fa-store-alt\"><\/i> Quinchos: 2 (con Sal\u00f3n de Eventos)<\/strong><br \/>\n<strong><i class=\"fas fa-swimming-pool\"><\/i> Piscinas: 2<\/strong><br \/>\n<strong><i class=\"fas fa-umbrella-beach\"><\/i> Acceso directo a Playa Puc\u00f3n<\/strong><\/p>\n<p>VALOR POR NOCHE: $170.000<br \/>\nAseo final y lavander\u00eda $45.000<\/p>\n<p>Comisi\u00f3n corretaje 10% del total de noches arrendadas<\/p>\n<p>HORARIO CHECK IN: 15:00 hrs.<br \/>\nHORARIO CHECK OUT: 12:00 hrs.<\/p>\n<p>OTRAS OBSERVACIONES:<br \/>\n* M\u00e1ximo 8 hu\u00e9spedes<br \/>\n* Arriendo incluye s\u00e1banas y toallas, lavander\u00eda se paga aparte<br \/>\n* Consumo por concepto de gas se cobra aparte<br \/>\n* No se admiten mascotas<br \/>\n* Dormitorio principal s\u00f3lo smart tv, depto sin wifi. (se le comparte internet desde el tel\u00e9fono para ver apps).<\/p>\n","protected":false},"featured_media":1771,"comment_status":"open","ping_status":"closed","template":"","meta":[],"class_list":{"0":"post-362","1":"product","2":"type-product","3":"status-publish","4":"has-post-thumbnail","6":"product_cat-arriendo-por-dia","7":"product_cat-departamento","9":"entry","10":"has-media","12":"first","13":"instock","14":"shipping-taxable","15":"purchasable","16":"product-type-simple","17":"col","18":"span_1_of_4","19":"owp-content-center","20":"owp-thumbs-layout-horizontal","21":"owp-btn-normal","22":"owp-tabs-layout-horizontal"},"_links":{"self":[{"href":"https:\/\/arriendopucon.cl\/index.php?rest_route=\/wp\/v2\/product\/362","targetHints":{"allow":["GET"]}}],"collection":[{"href":"https:\/\/arriendopucon.cl\/index.php?rest_route=\/wp\/v2\/product"}],"about":[{"href":"https:\/\/arriendopucon.cl\/index.php?rest_route=\/wp\/v2\/types\/product"}],"replies":[{"embeddable":true,"href":"https:\/\/arriendopucon.cl\/index.php?rest_route=%2Fwp%2Fv2%2Fcomments&post=362"}],"wp:featuredmedia":[{"embeddable":true,"href":"https:\/\/arriendopucon.cl\/index.php?rest_route=\/wp\/v2\/media\/1771"}],"wp:attachment":[{"href":"https:\/\/arriendopucon.cl\/index.php?rest_route=%2Fwp%2Fv2%2Fmedia&parent=362"}],"curies":[{"name":"wp","href":"https:\/\/api.w.org\/{rel}","templated":true}]}}