{"id":346,"date":"2021-04-22T07:14:44","date_gmt":"2021-04-22T07:14:44","guid":{"rendered":"https:\/\/arriendopucon.cl\/?post_type=product&#038;p=346"},"modified":"2024-08-20T19:49:25","modified_gmt":"2024-08-20T19:49:25","slug":"casa-sector-molco","status":"publish","type":"product","link":"https:\/\/arriendopucon.cl\/?product=casa-sector-molco","title":{"rendered":"Casa Sector Molco<br><strong><i class=\"fas fa-bed\"><\/i> 2 Dormitorios<\/strong> &nbsp;|&nbsp; <strong><i class=\"fas fa-bath\"><\/i> 2 Ba\u00f1os<\/strong>"},"content":{"rendered":"<p><iframe loading=\"lazy\" style=\"border: 0;\" src=\"https:\/\/www.google.com\/maps\/embed?pb=!1m18!1m12!1m3!1d12349.63968991741!2d-72.09645217613962!3d-39.301630672162425!2m3!1f0!2f0!3f0!3m2!1i1024!2i768!4f13.1!3m3!1m2!1s0x96147b75f9e407b9%3A0xcecbdbfdab2a4f5e!2sMolco%2C%20Las%20Chilcas%2C%20Villarrica%2C%20Araucan%C3%ADa!5e0!3m2!1ses-419!2scl!4v1619075728440!5m2!1ses-419!2scl\" width=\"400\" height=\"300\" allowfullscreen=\"allowfullscreen\"><\/iframe><\/p>\n","protected":false},"excerpt":{"rendered":"<p style=\"text-align: justify;\">C\u00f3moda y amplia casa con acceso a r\u00edos y cascada, sector Molco, a 1.8 km del lago. La casa tiene 2 pisos, cuenta con 2 amplios dormitorios y 2 ba\u00f1os, uno con jacuzzi, cocina, living y comedor con amplios espacios para compartir, TV con Directv y Wifi, calefacci\u00f3n a le\u00f1a, estacionamiento, privacidad e independiente. Tinaja caliente disponible (uso se cobra aparte). Capacidad para 6 personas. Cercana a los atractivos tur\u00edsticos, con su propio rio y cascada. Propiedad ideal para disfrutar la naturaleza y tranquilidad del sur.<\/p>\n<p><strong><i class=\"fas fa-bed\"><\/i> Dormitorios: 2<\/strong><br \/>\n<strong><i class=\"fas fa-chair\"><\/i> Living, comedor, cocina. (espacios amplios) <\/strong><br \/>\n<strong><i class=\"fas fa-bath\"><\/i> Ba\u00f1os: 2 (uno con Jacuzzi)<\/strong><br \/>\n<strong><i class=\"fab fa-hotjar\"><\/i> Calefacci\u00f3n a le\u00f1a<\/strong><br \/>\n<strong><i class=\"fas fa-tv\"><\/i> TV Cable y WIFI<\/strong><br \/>\n<strong><i class=\"fas fa-car\"><\/i> Estacionamiento<\/strong><br \/>\n<strong><i class=\"fas fa-water\"><\/i> Acceso a Rio y Cascada<\/strong><\/p>\n<p>Valor por noche temporada baja: $130.000<br \/>\nValor por noche temporada alta: $150.000<br \/>\nValor por uso tinaja caliente $50.000<br \/>\nAseo final: $25.000<\/p>\n<p>Comisi\u00f3n corretaje 10% del total de noches arrendadas<\/p>\n<p><strong>*Valores incluyen cuentas de servicios b\u00e1sicos<\/strong><\/p>\n<p>*Arriendo por m\u00e1s de 10 d\u00edas<strong> incluye servicio de aseo<\/strong> al 5to d\u00eda. (Cambio s\u00e1banas, aseo ba\u00f1os, etc)<\/p>\n<p>HORARIO CHECK IN: 15:00 hrs. HORARIO CHECK OUT: 12:00 hrs.<\/p>\n<p>* M\u00e1ximo 6 hu\u00e9spedes<\/p>\n","protected":false},"featured_media":355,"comment_status":"open","ping_status":"closed","template":"","meta":[],"class_list":{"0":"post-346","1":"product","2":"type-product","3":"status-publish","4":"has-post-thumbnail","6":"product_cat-arriendo-por-dia","7":"product_cat-casa","9":"entry","10":"has-media","12":"first","13":"instock","14":"shipping-taxable","15":"purchasable","16":"product-type-simple","17":"col","18":"span_1_of_4","19":"owp-content-center","20":"owp-thumbs-layout-horizontal","21":"owp-btn-normal","22":"owp-tabs-layout-horizontal"},"_links":{"self":[{"href":"https:\/\/arriendopucon.cl\/index.php?rest_route=\/wp\/v2\/product\/346","targetHints":{"allow":["GET"]}}],"collection":[{"href":"https:\/\/arriendopucon.cl\/index.php?rest_route=\/wp\/v2\/product"}],"about":[{"href":"https:\/\/arriendopucon.cl\/index.php?rest_route=\/wp\/v2\/types\/product"}],"replies":[{"embeddable":true,"href":"https:\/\/arriendopucon.cl\/index.php?rest_route=%2Fwp%2Fv2%2Fcomments&post=346"}],"wp:featuredmedia":[{"embeddable":true,"href":"https:\/\/arriendopucon.cl\/index.php?rest_route=\/wp\/v2\/media\/355"}],"wp:attachment":[{"href":"https:\/\/arriendopucon.cl\/index.php?rest_route=%2Fwp%2Fv2%2Fmedia&parent=346"}],"curies":[{"name":"wp","href":"https:\/\/api.w.org\/{rel}","templated":true}]}}