{"id":326,"date":"2021-04-22T07:06:17","date_gmt":"2021-04-22T07:06:17","guid":{"rendered":"https:\/\/arriendopucon.cl\/?post_type=product&#038;p=326"},"modified":"2026-01-14T22:42:12","modified_gmt":"2026-01-14T22:42:12","slug":"cabana-segunda-faja-1","status":"publish","type":"product","link":"https:\/\/arriendopucon.cl\/?product=cabana-segunda-faja-1","title":{"rendered":"Caba\u00f1a Segunda Faja 1<br><strong><i class=\"fas fa-bed\"><\/i> 2 Dormitorios<\/strong> &nbsp;|&nbsp; <strong><i class=\"fas fa-bath\"><\/i> 1 Ba\u00f1o<\/strong>"},"content":{"rendered":"<p><iframe loading=\"lazy\" style=\"border: 0;\" src=\"https:\/\/www.google.com\/maps\/embed?pb=!1m18!1m12!1m3!1d3086.732272268471!2d-72.01668568501613!3d-39.31699182930879!2m3!1f0!2f0!3f0!3m2!1i1024!2i768!4f13.1!3m3!1m2!1s0x0%3A0x9deea5c6406dada1!2zMznCsDE5JzAxLjIiUyA3MsKwMDAnNTIuMiJX!5e0!3m2!1sen!2scl!4v1656179530037!5m2!1sen!2scl\" width=\"600\" height=\"450\" allowfullscreen=\"allowfullscreen\"><\/iframe><\/p>\n","protected":false},"excerpt":{"rendered":"<p style=\"text-align: justify;\">Acogedora caba\u00f1a se arrienda desamoblada, emplazada en lugar tranquilo y rodeado de naturaleza, a solo 8 km de Puc\u00f3n (10 minutos). La caba\u00f1a se encuentra ubicada en la segunda faja en terreno de 6.200 mts2, en un entorno privilegiado y muy tranquilo. Cuenta con 2 dormitorios y 1 ba\u00f1o, living &#8211; comedor y cocina, adem\u00e1s de c\u00f3moda terraza y fog\u00f3n en el patio. Fibra \u00f3ptica habilitada con costo extra.<\/p>\n<p><strong><i class=\"fas fa-bed\"><\/i> Dormitorios: 2<\/strong><br \/>\n<strong><i class=\"fas fa-chair\"><\/i> Living, comedor, cocina.<\/strong><br \/>\n<strong><i class=\"fas fa-bath\"><\/i> Ba\u00f1os: 1<\/strong><\/p>\n<p>Valor de arriendo a\u00f1o corrido: $500.000<br \/>\nComisi\u00f3n corretaje 50% del valor de 1 mes.<br \/>\n*No se cobra consumo de agua, consumo de gas y luz se paga por separado<br \/>\n*Mantenci\u00f3n mensual del jard\u00edn por parte del arrendatario<br \/>\n*Mascota conversable<br \/>\n*La caba\u00f1a se arrienda DESAMOBLADA<\/p>\n<p>Requisitos para arrendar<br \/>\nInforme Dicom<br \/>\nAcreditaci\u00f3n de renta<br \/>\n3 \u00faltimas liquidaciones de sueldo<br \/>\n1 Mes de garant\u00eda<\/p>\n<p>&nbsp;<\/p>\n","protected":false},"featured_media":1079,"comment_status":"open","ping_status":"closed","template":"","meta":[],"class_list":{"0":"post-326","1":"product","2":"type-product","3":"status-publish","4":"has-post-thumbnail","6":"product_cat-arriendo-ano-corrido","7":"product_cat-casa","9":"entry","10":"has-media","12":"first","13":"instock","14":"shipping-taxable","15":"purchasable","16":"product-type-simple","17":"col","18":"span_1_of_4","19":"owp-content-center","20":"owp-thumbs-layout-horizontal","21":"owp-btn-normal","22":"owp-tabs-layout-horizontal"},"_links":{"self":[{"href":"https:\/\/arriendopucon.cl\/index.php?rest_route=\/wp\/v2\/product\/326","targetHints":{"allow":["GET"]}}],"collection":[{"href":"https:\/\/arriendopucon.cl\/index.php?rest_route=\/wp\/v2\/product"}],"about":[{"href":"https:\/\/arriendopucon.cl\/index.php?rest_route=\/wp\/v2\/types\/product"}],"replies":[{"embeddable":true,"href":"https:\/\/arriendopucon.cl\/index.php?rest_route=%2Fwp%2Fv2%2Fcomments&post=326"}],"wp:featuredmedia":[{"embeddable":true,"href":"https:\/\/arriendopucon.cl\/index.php?rest_route=\/wp\/v2\/media\/1079"}],"wp:attachment":[{"href":"https:\/\/arriendopucon.cl\/index.php?rest_route=%2Fwp%2Fv2%2Fmedia&parent=326"}],"curies":[{"name":"wp","href":"https:\/\/api.w.org\/{rel}","templated":true}]}}