{"id":1829,"date":"2024-12-19T20:05:03","date_gmt":"2024-12-19T20:05:03","guid":{"rendered":"https:\/\/arriendopucon.cl\/?post_type=product&#038;p=1829"},"modified":"2024-12-19T20:12:21","modified_gmt":"2024-12-19T20:12:21","slug":"departamento-condominio-costa-pucon-2-dormitorios-2-banos","status":"publish","type":"product","link":"https:\/\/arriendopucon.cl\/?product=departamento-condominio-costa-pucon-2-dormitorios-2-banos","title":{"rendered":"Departamento Condominio Costa Puc\u00f3n<br><strong><i class=\"fas fa-bed\"><\/i> 2 Dormitorios<\/strong> &nbsp;|&nbsp; <strong><i class=\"fas fa-bath\"><\/i> 2 Ba\u00f1os<\/strong>"},"content":{"rendered":"<p><iframe loading=\"lazy\" style=\"border: 0;\" src=\"https:\/\/www.google.com\/maps\/embed?pb=!1m18!1m12!1m3!1d3088.894841667472!2d-71.97702222485566!3d-39.267952518538294!2m3!1f0!2f0!3f0!3m2!1i1024!2i768!4f13.1!3m3!1m2!1s0x96147f6d18809333%3A0x6ad6cbf5b48a4e9b!2sRamon%20Quezada%20555%2C%20Pucon%2C%20Puc%C3%B3n%2C%20Araucan%C3%ADa!5e0!3m2!1ses-419!2scl!4v1734638779572!5m2!1ses-419!2scl\" width=\"600\" height=\"450\" allowfullscreen=\"allowfullscreen\"><\/iframe><\/p>\n","protected":false},"excerpt":{"rendered":"<p style=\"text-align: justify;\">Acogedor departamento, muy c\u00f3modo con orientaci\u00f3n norte en condominio Costa Puc\u00f3n, en pleno centro de Puc\u00f3n. Propiedad de 64 mts\u00b2 \u00fatiles m\u00e1s terraza. Cuenta con living &#8211; comedor unidos con acceso a terraza equipada con comedor y parrilla y con hermosa vista a bosque de Boldos. Cocina estilo americana equipada. Posee dos dormitorios, principal en suite y dos ba\u00f1os. calefacci\u00f3n central por radiadores en base a caldera a gas independiente (su uso se cobra aparte). El depto cuenta con Directv (no tiene wifi), 1 estacionamiento. El condominio posee amplias \u00e1reas verdes, dos piscinas y un rico quincho para celebraciones en familia, juegos infantiles, bicicleteros, sala de lavander\u00eda. Posee adem\u00e1s un acceso privado y directo a la Playa de Puc\u00f3n. Acceso controlado y seguridad 24 hrs. Una propiedad ideal para disfrutar junto a la familia, en un lugar seguro y con inmejorable ubicaci\u00f3n en Puc\u00f3n, a pasos de supermercados, casino y las principales calles comerciales de la ciudad.<br \/>\nEmplazado en el exclusivo condominio Costa Puc\u00f3n, en excelente ubicaci\u00f3n en el centro de Puc\u00f3n y a pasos de la playa grande.<\/p>\n<p><strong><i class=\"fas fa-bed\"><\/i> Dormitorios: 2<\/strong><br \/>\n<strong><i class=\"fas fa-chair\"><\/i> Living, comedor, cocina americana<\/strong><br \/>\n<strong><i class=\"fas fa-bath\"><\/i> Ba\u00f1os: 2<\/strong><br \/>\n<strong><i class=\"fas fa-car\"><\/i> Estacionamientos: 1<\/strong><br \/>\n<strong><i class=\"fas fa-tv\"><\/i> Televisi\u00f3n: TV Cable Prepago en living<\/strong><br \/>\n<strong><i class=\"fas fa-mountain\"><\/i> Terraza (Parrilla)\u00a0<\/strong><br \/>\n<strong><i class=\"fas fa-store-alt\"><\/i> Quinchos: 2 (con Sal\u00f3n de Eventos)<\/strong><br \/>\n<strong><i class=\"fas fa-swimming-pool\"><\/i> Piscinas: 2<\/strong><br \/>\n<strong><i class=\"fas fa-umbrella-beach\"><\/i> Acceso directo a Playa Puc\u00f3n<\/strong><\/p>\n<p>Valor por noche enero: $130.000<br \/>\nValor por noche febrero: $140.000<br \/>\nAseo final y lavander\u00eda $55.000<br \/>\nComisi\u00f3n corretaje 10% del total de noches arrendadas<\/p>\n<p>HORARIO CHECK IN: 15:00 hrs.<br \/>\nHORARIO CHECK OUT: 12:00 hrs.<\/p>\n<p>OTRAS OBSERVACIONES:<br \/>\n* M\u00e1ximo 4 hu\u00e9spedes<br \/>\n* Arriendo incluye s\u00e1banas, lavander\u00eda se paga aparte<br \/>\n* Consumo por concepto de gas se cobra aparte<br \/>\n* No se admiten mascotas<\/p>\n","protected":false},"featured_media":1839,"comment_status":"open","ping_status":"closed","template":"","meta":[],"class_list":{"0":"post-1829","1":"product","2":"type-product","3":"status-publish","4":"has-post-thumbnail","6":"product_cat-arriendo-por-dia","7":"product_cat-departamento","9":"entry","10":"has-media","12":"first","13":"instock","14":"shipping-taxable","15":"purchasable","16":"product-type-simple","17":"col","18":"span_1_of_4","19":"owp-content-center","20":"owp-thumbs-layout-horizontal","21":"owp-btn-normal","22":"owp-tabs-layout-horizontal"},"_links":{"self":[{"href":"https:\/\/arriendopucon.cl\/index.php?rest_route=\/wp\/v2\/product\/1829","targetHints":{"allow":["GET"]}}],"collection":[{"href":"https:\/\/arriendopucon.cl\/index.php?rest_route=\/wp\/v2\/product"}],"about":[{"href":"https:\/\/arriendopucon.cl\/index.php?rest_route=\/wp\/v2\/types\/product"}],"replies":[{"embeddable":true,"href":"https:\/\/arriendopucon.cl\/index.php?rest_route=%2Fwp%2Fv2%2Fcomments&post=1829"}],"wp:featuredmedia":[{"embeddable":true,"href":"https:\/\/arriendopucon.cl\/index.php?rest_route=\/wp\/v2\/media\/1839"}],"wp:attachment":[{"href":"https:\/\/arriendopucon.cl\/index.php?rest_route=%2Fwp%2Fv2%2Fmedia&parent=1829"}],"curies":[{"name":"wp","href":"https:\/\/api.w.org\/{rel}","templated":true}]}}