{"id":1806,"date":"2024-05-29T21:30:37","date_gmt":"2024-05-29T21:30:37","guid":{"rendered":"https:\/\/arriendopucon.cl\/?post_type=product&#038;p=1806"},"modified":"2026-03-31T15:10:30","modified_gmt":"2026-03-31T15:10:30","slug":"departamento-edificio-origen-1-dormitorio-litera-nautica-1-bano","status":"publish","type":"product","link":"https:\/\/arriendopucon.cl\/?product=departamento-edificio-origen-1-dormitorio-litera-nautica-1-bano","title":{"rendered":"Departamento edificio Origen<br><i class=\"fas fa-bed\"><\/i> 1 dormitorio + litera nautica &nbsp;|&nbsp; <i class=\"fas fa-bath\"><\/i> 1 Ba\u00f1o"},"content":{"rendered":"<p><iframe loading=\"lazy\" style=\"border: 0;\" src=\"https:\/\/www.google.com\/maps\/embed?pb=!1m18!1m12!1m3!1d1544.188704345543!2d-71.9594099080719!3d-39.27969071077462!2m3!1f0!2f0!3f0!3m2!1i1024!2i768!4f13.1!3m3!1m2!1s0x96147fd5c1c27335%3A0xa142da71d8dcd894!2sCondominio%20Origen%20Puc%C3%B3n!5e0!3m2!1ses-419!2scl!4v1686695352118!5m2!1ses-419!2scl\" width=\"600\" height=\"450\" allowfullscreen=\"allowfullscreen\"><span data-mce-type=\"bookmark\" style=\"display: inline-block; width: 0px; overflow: hidden; line-height: 0;\" class=\"mce_SELRES_start\">\ufeff<\/span><span data-mce-type=\"bookmark\" style=\"display: inline-block; width: 0px; overflow: hidden; line-height: 0;\" class=\"mce_SELRES_start\">\ufeff<\/span><\/iframe><\/p>\n","protected":false},"excerpt":{"rendered":"<p>Acogedor departamento semi amoblado en camino Internacional, a pasos del centro de Puc\u00f3n. Se ubica en 2\u00b0 piso, de 50,6 mts\u00b2 \u00fatiles y 13,2 mts2 de terraza. Cuenta con living &#8211; comedor unidos y con acceso a terraza cerrada con cristales y con vista a un precioso jard\u00edn interior y piscina. Cocina estilo americana equipada con mobiliario de gran calidad. Cuenta con 1 dormitorio, y un espacio con litera n\u00e1utica en pasillo, m\u00e1s un ba\u00f1o completo. Depto cuenta con estacionamiento cubierto y bodega. El condominio posee \u00e1reas verdes, piscina, 2 quinchos, lavander\u00eda, bicicleteros y sala multiuso con mesa de Pool. Acceso controlado y seguridad 24 hrs. Una propiedad ideal para disfrutar junto a la familia, en un lugar seguro y con inmejorable ubicaci\u00f3n en Puc\u00f3n, a pasos de supermercados, casino y las principales calles comerciales de la ciudad.<br \/>\n*El departamento se arrienda semi-amoblado<\/p>\n<p><strong><i class=\"fas fa-bed\"><\/i> Dormitorios: 1 + litera n\u00e1utica<\/strong><br \/>\n<strong>Cocina americana\u00a0<\/strong><br \/>\n<strong><i class=\"fas fa-bath\"><\/i> Ba\u00f1os: 1<\/strong><br \/>\n<strong><i class=\"fas fa-mountain\"><\/i> terraza<\/strong><br \/>\n<strong><i class=\"fas fa-car\"><\/i> Estacionamientos: 1 + bodega<\/strong><\/p>\n<p>Valor por a\u00f1o corrido: $400.000 + GC (GC incluye agua caliente, entre 90.000 y 100.000)<br \/>\n*Cuentas de servicios b\u00e1sicos se pagan aparte<br \/>\n*Depto se arrienda semi-amoblado: Incluye refrigerador, microondas, cama matrimonial, comedor de terraza.<\/p>\n<p>Requisitos para arrendar:<br \/>\nMes arriendo + mes de garant\u00eda<br \/>\nCertificado de antecedentes<br \/>\nInforme Dicom<br \/>\nContrato de trabajo<br \/>\n3 \u00faltimas liquidaciones de sueldo<br \/>\nCertificado de cotizaciones<\/p>\n","protected":false},"featured_media":1817,"comment_status":"open","ping_status":"closed","template":"","meta":[],"class_list":{"0":"post-1806","1":"product","2":"type-product","3":"status-publish","4":"has-post-thumbnail","6":"product_cat-arriendo-ano-corrido","7":"product_cat-arriendo-mensual","8":"product_cat-departamento","10":"entry","11":"has-media","13":"first","14":"instock","15":"shipping-taxable","16":"purchasable","17":"product-type-simple","18":"col","19":"span_1_of_4","20":"owp-content-center","21":"owp-thumbs-layout-horizontal","22":"owp-btn-normal","23":"owp-tabs-layout-horizontal"},"_links":{"self":[{"href":"https:\/\/arriendopucon.cl\/index.php?rest_route=\/wp\/v2\/product\/1806","targetHints":{"allow":["GET"]}}],"collection":[{"href":"https:\/\/arriendopucon.cl\/index.php?rest_route=\/wp\/v2\/product"}],"about":[{"href":"https:\/\/arriendopucon.cl\/index.php?rest_route=\/wp\/v2\/types\/product"}],"replies":[{"embeddable":true,"href":"https:\/\/arriendopucon.cl\/index.php?rest_route=%2Fwp%2Fv2%2Fcomments&post=1806"}],"wp:featuredmedia":[{"embeddable":true,"href":"https:\/\/arriendopucon.cl\/index.php?rest_route=\/wp\/v2\/media\/1817"}],"wp:attachment":[{"href":"https:\/\/arriendopucon.cl\/index.php?rest_route=%2Fwp%2Fv2%2Fmedia&parent=1806"}],"curies":[{"name":"wp","href":"https:\/\/api.w.org\/{rel}","templated":true}]}}