{"id":1788,"date":"2024-05-29T21:09:12","date_gmt":"2024-05-29T21:09:12","guid":{"rendered":"https:\/\/arriendopucon.cl\/?post_type=product&#038;p=1788"},"modified":"2024-07-02T15:53:26","modified_gmt":"2024-07-02T15:53:26","slug":"cabana-sector-candelaria-1-2-dormitorios-2-banos","status":"publish","type":"product","link":"https:\/\/arriendopucon.cl\/?product=cabana-sector-candelaria-1-2-dormitorios-2-banos","title":{"rendered":"Caba\u00f1a sector Candelaria<br><i class=\"fas fa-bed\"><\/i> 2 Dormitorios &nbsp;|&nbsp; <i class=\"fas fa-bath\"><\/i> 2 Ba\u00f1os"},"content":{"rendered":"<p><iframe loading=\"lazy\" style=\"border: 0;\" src=\"https:\/\/www.google.com\/maps\/embed?pb=!1m17!1m12!1m3!1d3087.6771889570023!2d-72.00977692485388!3d-39.29557082017002!2m3!1f0!2f0!3f0!3m2!1i1024!2i768!4f13.1!3m2!1m1!2zMznCsDE3JzQ0LjEiUyA3MsKwMDAnMjUuOSJX!5e0!3m2!1ses-419!2scl!4v1717017204837!5m2!1ses-419!2scl\" width=\"600\" height=\"450\" allowfullscreen=\"allowfullscreen\"><\/iframe><\/p>\n","protected":false},"excerpt":{"rendered":"<p style=\"text-align: justify;\">Esta hermosa y acogedora caba\u00f1a se encuentra ubicada en el sector de Candelaria, a pocos metros de la carretera Puc\u00f3n &#8211; Villarrica y a solo minutos del centro de Puc\u00f3n.<br \/>\nCaba\u00f1a de aprox 78 mts2 + 35 mts2 de terraza techada, cuenta con 2 dormitorios amplios y 2 ba\u00f1os completos, uno con conexi\u00f3n para lavadora. Cocina integrada con isla, comedor, y living con salida a amplia terraza. Vista al lago y amplio terreno. Cuenta con Wifi y Tv cable. Lugar muy tranquilo, rodeado de naturaleza, ideal para disfrutar de la vida en el sur!<\/p>\n<p><strong><i class=\"fas fa-bed\"><\/i> Dormitorios: 2<\/strong><br \/>\n<strong><i class=\"fas fa-chair\"><\/i> Living, comedor, cocina integrada<\/strong><br \/>\n<strong><i class=\"fas fa-bath\"><\/i> Ba\u00f1os: 2<\/strong><br \/>\n<strong><i class=\"fas fa-mountain\"><\/i> Amplia terraza cerrada con vista<\/strong><\/p>\n<p>Valor a\u00f1o corrido: $ 550.000 (incluye agua, Tv y Wifi)<br \/>\n*Cuentas de servicios luz y gas se pagan aparte<br \/>\n*Se arrienda amoblado o desamoblado<br \/>\n*Se aceptan mascotas<\/p>\n<p>Requisitos para arrendar:<br \/>\nMes arriendo + mes de garant\u00eda<br \/>\nCertificado de antecedentes<br \/>\nInforme Dicom<br \/>\nContrato de trabajo<br \/>\n3 \u00faltimas liquidaciones de sueldo<br \/>\nCertificado de cotizaciones<\/p>\n","protected":false},"featured_media":1798,"comment_status":"open","ping_status":"closed","template":"","meta":[],"class_list":{"0":"post-1788","1":"product","2":"type-product","3":"status-publish","4":"has-post-thumbnail","6":"product_cat-arriendo-ano-corrido","7":"product_cat-arriendo-mensual","8":"product_cat-cabana","10":"entry","11":"has-media","13":"first","14":"outofstock","15":"shipping-taxable","16":"purchasable","17":"product-type-simple","18":"col","19":"span_1_of_4","20":"owp-content-center","21":"owp-thumbs-layout-horizontal","22":"owp-btn-normal","23":"owp-tabs-layout-horizontal"},"_links":{"self":[{"href":"https:\/\/arriendopucon.cl\/index.php?rest_route=\/wp\/v2\/product\/1788","targetHints":{"allow":["GET"]}}],"collection":[{"href":"https:\/\/arriendopucon.cl\/index.php?rest_route=\/wp\/v2\/product"}],"about":[{"href":"https:\/\/arriendopucon.cl\/index.php?rest_route=\/wp\/v2\/types\/product"}],"replies":[{"embeddable":true,"href":"https:\/\/arriendopucon.cl\/index.php?rest_route=%2Fwp%2Fv2%2Fcomments&post=1788"}],"wp:featuredmedia":[{"embeddable":true,"href":"https:\/\/arriendopucon.cl\/index.php?rest_route=\/wp\/v2\/media\/1798"}],"wp:attachment":[{"href":"https:\/\/arriendopucon.cl\/index.php?rest_route=%2Fwp%2Fv2%2Fmedia&parent=1788"}],"curies":[{"name":"wp","href":"https:\/\/api.w.org\/{rel}","templated":true}]}}