{"id":1727,"date":"2024-04-04T21:18:01","date_gmt":"2024-04-04T21:18:01","guid":{"rendered":"https:\/\/arriendopucon.cl\/?post_type=product&#038;p=1727"},"modified":"2026-01-28T21:53:36","modified_gmt":"2026-01-28T21:53:36","slug":"casa-condominio-el-roble-1-3-dormitorios-3-banos","status":"publish","type":"product","link":"https:\/\/arriendopucon.cl\/?product=casa-condominio-el-roble-1-3-dormitorios-3-banos","title":{"rendered":"Casa Condominio El Roble 1<br><i class=\"fas fa-bed\"><\/i> 3 Dormitorios &nbsp;|&nbsp; <i class=\"fas fa-bath\"><\/i> 3 Ba\u00f1os"},"content":{"rendered":"<p><iframe loading=\"lazy\" style=\"border: 0;\" src=\"https:\/\/www.google.com\/maps\/embed?pb=!1m17!1m12!1m3!1d3088.167499368764!2d-71.95853842426763!3d-39.284451756828005!2m3!1f0!2f0!3f0!3m2!1i1024!2i768!4f13.1!3m2!1m1!2zMznCsDE3JzA0LjAiUyA3McKwNTcnMTQuMSJX!5e0!3m2!1sen!2scl!4v1712265595781!5m2!1sen!2scl\" width=\"600\" height=\"450\" allowfullscreen=\"allowfullscreen\"><\/iframe><\/p>\n","protected":false},"excerpt":{"rendered":"<p style=\"text-align: justify;\">Esta c\u00f3moda y acogedora casa se encuentra ubicada en condominio El Roble I, a s\u00f3lo minutos del centro de Puc\u00f3n. Propiedad de 75 mts2 construidos en 90mts2 de terreno. Cuenta con tres dormitorios, todos en el segundo nivel y el principal en suite, tres ba\u00f1os (dos completos). Cocina semi integrada con salida a logia exterior cerrada. Living y comedor con salida a agradable terraza techada con parrilla disponible y patio independiente, ideal para disfrutar y compartir en familia. La casa cuenta con Directv y wifi (cuentas se pagan aparte). Ubicada en sector variante internacional a s\u00f3lo 5 minutos del centro de Puc\u00f3n, a pasos de locomoci\u00f3n, supermercados, y conexi\u00f3n a ruta Villarrica y Caburgua.<br \/>\nEl condominio cuenta con lindas \u00e1reas comunes como piscina, quincho y juegos infantiles, adem\u00e1s cuenta con acceso controlado 24\/7.<\/p>\n<p><strong><i class=\"fas fa-bed\"><\/i> Dormitorios: 3<\/strong><br \/>\n<strong><i class=\"fas fa-chair\"><\/i> Living, comedor, cocina semi integrada equipada<\/strong><br \/>\n<strong><i class=\"fas fa-bath\"><\/i> Ba\u00f1os: 3<\/strong><br \/>\n<strong><i class=\"fas fa-mountain\"><\/i>Terraza techada con parrilla y patio<br \/>\n<strong><i class=\"fas fa-store-alt\"><\/i> Quincho<\/strong><br \/>\n<strong><i class=\"fas fa-swimming-pool\"><\/i> Piscina<\/strong><\/strong><\/p>\n<p>Valor a\u00f1o corrido: $540.000<br \/>\nGasto com\u00fan: $70.000 aprox<br \/>\nCuentas de servicios se pagan aparte<\/p>\n<p>Requisitos de arriendo:<br \/>\n\u2022Acreditar renta \u00faltimas 6 liquidaciones de sueldo<br \/>\n\u2022Contrato de trabajo<br \/>\n\u2022Certificado de antecedentes<br \/>\n\u2022Certificado Dicom<br \/>\n\u20221 Mes de Garant\u00eda<br \/>\n\u2022Medio mes de comisi\u00f3n<\/p>\n","protected":false},"featured_media":1742,"comment_status":"open","ping_status":"closed","template":"","meta":[],"class_list":{"0":"post-1727","1":"product","2":"type-product","3":"status-publish","4":"has-post-thumbnail","6":"product_cat-arriendo-ano-completo","7":"product_cat-arriendo-ano-corrido","8":"product_cat-arriendo-mensual","9":"product_cat-casa","11":"entry","12":"has-media","14":"first","15":"instock","16":"shipping-taxable","17":"purchasable","18":"product-type-simple","19":"col","20":"span_1_of_4","21":"owp-content-center","22":"owp-thumbs-layout-horizontal","23":"owp-btn-normal","24":"owp-tabs-layout-horizontal"},"_links":{"self":[{"href":"https:\/\/arriendopucon.cl\/index.php?rest_route=\/wp\/v2\/product\/1727","targetHints":{"allow":["GET"]}}],"collection":[{"href":"https:\/\/arriendopucon.cl\/index.php?rest_route=\/wp\/v2\/product"}],"about":[{"href":"https:\/\/arriendopucon.cl\/index.php?rest_route=\/wp\/v2\/types\/product"}],"replies":[{"embeddable":true,"href":"https:\/\/arriendopucon.cl\/index.php?rest_route=%2Fwp%2Fv2%2Fcomments&post=1727"}],"wp:featuredmedia":[{"embeddable":true,"href":"https:\/\/arriendopucon.cl\/index.php?rest_route=\/wp\/v2\/media\/1742"}],"wp:attachment":[{"href":"https:\/\/arriendopucon.cl\/index.php?rest_route=%2Fwp%2Fv2%2Fmedia&parent=1727"}],"curies":[{"name":"wp","href":"https:\/\/api.w.org\/{rel}","templated":true}]}}