{"id":1664,"date":"2024-03-25T20:13:25","date_gmt":"2024-03-25T20:13:25","guid":{"rendered":"https:\/\/arriendopucon.cl\/?post_type=product&#038;p=1664"},"modified":"2024-07-30T21:10:59","modified_gmt":"2024-07-30T21:10:59","slug":"departamento-peninsula-de-pucon-3-dormitorios-4-banos","status":"publish","type":"product","link":"https:\/\/arriendopucon.cl\/?product=departamento-peninsula-de-pucon-3-dormitorios-4-banos","title":{"rendered":"Departamento Pen\u00ednsula de Puc\u00f3n<br><i class=\"fas fa-bed\"><\/i> 3 Dormitorios &nbsp;|&nbsp; <i class=\"fas fa-bath\"><\/i> 4 Ba\u00f1os"},"content":{"rendered":"<p><iframe loading=\"lazy\" style=\"border: 0;\" src=\"https:\/\/www.google.com\/maps\/embed?pb=!1m16!1m12!1m3!1d3088.959682671675!2d-72.0003363389941!3d-39.2664813647489!2m3!1f0!2f0!3f0!3m2!1i1024!2i768!4f13.1!2m1!1sla%20peninsula%20pucon!5e0!3m2!1sen!2scl!4v1711397728559!5m2!1sen!2scl\" width=\"600\" height=\"450\" allowfullscreen=\"allowfullscreen\"><\/iframe><\/p>\n","protected":false},"excerpt":{"rendered":"<p style=\"text-align: justify;\">Incre\u00edble departamento de 160 mts2 disponible para arriendo diario, ubicado en La Pen\u00ednsula de Puc\u00f3n, con preciosa vista al lago en primera l\u00ednea. Cuenta con amplios y luminosos espacios, living con salida a amplia y c\u00f3moda terraza amoblada con comedor y living de exterior, precioso e iluminado comedor, cocina amplia y equipada con lavavajillas y comedor de diario, habitaci\u00f3n principal en suite con amplio ba\u00f1o, walk in closet, TV y terraza privada. Segunda habitaci\u00f3n con 2 camas y ba\u00f1o privado, tercera habitaci\u00f3n con 2 camas y ba\u00f1o privado, adem\u00e1s de un cuarto ba\u00f1o para las visitas. Cuenta con sala de estar con TV, logia equipada con lavadora y secadora. El condominio cuenta con exclusivo acceso a playas privadas, cancha de golf, cancha de tenis, acceso controlado las 24 horas y conserjer\u00eda, descanso y privacidad garantizados!<\/p>\n<p><strong><i class=\"fas fa-bed\"><\/i> Dormitorios: 3<\/strong><br \/>\n<strong><i class=\"fas fa-chair\"><\/i> Living, comedor, cocina\u00a0 semi integrada equipada<\/strong><br \/>\n<strong><i class=\"fas fa-bath\"><\/i> Ba\u00f1os: 4<\/strong><br \/>\n<i class=\"fab fa-hotjar\"><\/i> <strong>Calefacci\u00f3n central<\/strong><br \/>\n<strong><i class=\"fas fa-mountain\"><\/i>Terraza con vista a al lago<\/strong><br \/>\n<strong><i class=\"fas fa-umbrella-beach\"><\/i> Acceso directo a Playa\u00a0<\/strong><br \/>\n<strong><i class=\"fas fa-running\"><\/i> Cancha de golf<\/strong><br \/>\n<strong><i class=\"fas fa-running\"><\/i> Cancha de tenis<\/strong><\/p>\n<p>Valor por noche: $139.000<br \/>\nAseo final: $60.000<br \/>\nComisi\u00f3n corretaje 10% del total de noches arrendadas<br \/>\nConsumo de gas se cobra aparte seg\u00fan toma de medidor<\/p>\n<p>*M\u00ednimo de estad\u00eda 5 noches<\/p>\n<p>HORARIO CHECK IN: 16:00 hrs.<br \/>\nHORARIO CHECK OUT: 12:00 hrs<\/p>\n<p>OTRAS OBSERVACIONES:<br \/>\n* M\u00e1ximo 6 hu\u00e9spedes<br \/>\n* Arriendo incluye s\u00e1banas y toallas<br \/>\n* No se aceptan mascotas<\/p>\n","protected":false},"featured_media":1682,"comment_status":"open","ping_status":"closed","template":"","meta":[],"class_list":{"0":"post-1664","1":"product","2":"type-product","3":"status-publish","4":"has-post-thumbnail","6":"product_cat-arriendo-por-dia","7":"product_cat-arriendo-temporada","8":"product_cat-departamento","10":"entry","11":"has-media","13":"first","14":"outofstock","15":"shipping-taxable","16":"purchasable","17":"product-type-simple","18":"col","19":"span_1_of_4","20":"owp-content-center","21":"owp-thumbs-layout-horizontal","22":"owp-btn-normal","23":"owp-tabs-layout-horizontal"},"_links":{"self":[{"href":"https:\/\/arriendopucon.cl\/index.php?rest_route=\/wp\/v2\/product\/1664","targetHints":{"allow":["GET"]}}],"collection":[{"href":"https:\/\/arriendopucon.cl\/index.php?rest_route=\/wp\/v2\/product"}],"about":[{"href":"https:\/\/arriendopucon.cl\/index.php?rest_route=\/wp\/v2\/types\/product"}],"replies":[{"embeddable":true,"href":"https:\/\/arriendopucon.cl\/index.php?rest_route=%2Fwp%2Fv2%2Fcomments&post=1664"}],"wp:featuredmedia":[{"embeddable":true,"href":"https:\/\/arriendopucon.cl\/index.php?rest_route=\/wp\/v2\/media\/1682"}],"wp:attachment":[{"href":"https:\/\/arriendopucon.cl\/index.php?rest_route=%2Fwp%2Fv2%2Fmedia&parent=1664"}],"curies":[{"name":"wp","href":"https:\/\/api.w.org\/{rel}","templated":true}]}}