{"id":1619,"date":"2023-11-06T20:11:39","date_gmt":"2023-11-06T20:11:39","guid":{"rendered":"https:\/\/arriendopucon.cl\/?post_type=product&#038;p=1619"},"modified":"2025-08-14T12:07:29","modified_gmt":"2025-08-14T12:07:29","slug":"departamento-edificio-los-boldos-3-dormitorios-2-banos-2","status":"publish","type":"product","link":"https:\/\/arriendopucon.cl\/?product=departamento-edificio-los-boldos-3-dormitorios-2-banos-2","title":{"rendered":"Departamento Edificio Los Boldos<br><i class=\"fas fa-bed\"><\/i> 3 Dormitorios &nbsp;|&nbsp; <i class=\"fas fa-bath\"><\/i> 2 Ba\u00f1os"},"content":{"rendered":"<p><iframe loading=\"lazy\" style=\"border: 0;\" src=\"https:\/\/www.google.com\/maps\/embed?pb=!1m18!1m12!1m3!1d24709.07432350028!2d-72.01480150222775!3d-39.27386360415677!2m3!1f0!2f0!3f0!3m2!1i1024!2i768!4f13.1!3m3!1m2!1s0x96147f89b6a9e8e9%3A0xcf9ab69ab99b3131!2sLos%20Boldos%20de%20La%20Poza!5e0!3m2!1ses-419!2scl!4v1699300874126!5m2!1ses-419!2scl\" width=\"600\" height=\"450\" allowfullscreen=\"allowfullscreen\"><span data-mce-type=\"bookmark\" style=\"display: inline-block; width: 0px; overflow: hidden; line-height: 0;\" class=\"mce_SELRES_start\">\ufeff<\/span><\/iframe><\/p>\n","protected":false},"excerpt":{"rendered":"<p style=\"text-align: justify;\">Acogedor y hermoso departamento disponible por a\u00f1o corrido desde el mes de julio, con finas terminaciones en edificio nuevo \u00abLos Boldos\u00bb en inmejorable ubicaci\u00f3n, frente a La Poza de Puc\u00f3n, a pocos pasos del centro, con espectacular vista al volc\u00e1n y al lago. Departamento de 83 mts2 + 18 mts2 de terraza con vista panor\u00e1mica. Cuenta con 3 dormitorios y 2 ba\u00f1os (principal en suite), cocina integrada totalmente equipada (cuenta con lavavajillas), comedor y living con acceso a amplia terraza equipada con parrilla. Lavadero equipado con lavadora\/secadora. Calefacci\u00f3n central en base a caldera a gas, 2 estacionamientos. (1 techado, 1 descubierto). Depto se arrienda sin tv cable ni internet (posibilidad de internet inal\u00e1mbrico, no fibra \u00f3ptica) Propiedad ideal para disfrutar vivir junto a la familia en Puc\u00f3n, en un lugar seguro y a pocos pasos del centro, perfecto para quienes buscan no tener que ocupar auto.<br \/>\nEl edificio cuenta con piscina, ascensor, port\u00f3n el\u00e9ctrico, conserjer\u00eda diurna.<br \/>\nDepartamento se arrienda amoblado y equipado.<\/p>\n<p><strong><i class=\"fas fa-bed\"><\/i> Dormitorios: 3<\/strong><br \/>\n<strong><i class=\"fas fa-chair\"><\/i> Living, comedor, cocina integrada equipada<\/strong><br \/>\n<strong><i class=\"fas fa-bath\"><\/i> Ba\u00f1os: 2<\/strong><br \/>\n<i class=\"fab fa-hotjar\"><\/i> <strong> Calefacci\u00f3n central<\/strong><br \/>\n<strong><i class=\"fas fa-mountain\"><\/i> Terraza equipada con parrilla con vista a La Poza y volc\u00e1n<\/strong><br \/>\n<strong><i class=\"fas fa-swimming-pool\"><\/i> Piscina<\/strong><br \/>\n<strong><i class=\"fas fa-umbrella-beach\"><\/i> Frente al lago<\/strong><\/p>\n<p>Valor a\u00f1o corrido: $1.300.000 (gastos comunes incluidos)<br \/>\nGastos por consumos se pagan por separado (luz, agua, calefacci\u00f3n central)<br \/>\n*Se arrienda AMOBLADO Y EQUIPADO<br \/>\n*No se acepta mascota<br \/>\n*Depto se arrienda sin bodega<\/p>\n<p>Requisitos de arriendo:<br \/>\n\u2022Acreditar renta<br \/>\n\u2022Ultimas 6 liquidaciones de sueldo<br \/>\n\u2022Contrato de trabajo<br \/>\n\u2022Certificado de antecedentes<br \/>\n\u2022Certificado Dicom<br \/>\n\u20221 Mes de Garant\u00eda<br \/>\n\u2022Medio mes de comisi\u00f3n corretaje<\/p>\n","protected":false},"featured_media":1641,"comment_status":"open","ping_status":"closed","template":"","meta":[],"class_list":{"0":"post-1619","1":"product","2":"type-product","3":"status-publish","4":"has-post-thumbnail","6":"product_cat-arriendo-ano-completo","7":"product_cat-arriendo-ano-corrido","8":"product_cat-arriendo-en-pucon","9":"product_cat-arriendo-mensual","10":"product_cat-departamento","12":"entry","13":"has-media","15":"first","16":"outofstock","17":"shipping-taxable","18":"purchasable","19":"product-type-simple","20":"col","21":"span_1_of_4","22":"owp-content-center","23":"owp-thumbs-layout-horizontal","24":"owp-btn-normal","25":"owp-tabs-layout-horizontal"},"_links":{"self":[{"href":"https:\/\/arriendopucon.cl\/index.php?rest_route=\/wp\/v2\/product\/1619","targetHints":{"allow":["GET"]}}],"collection":[{"href":"https:\/\/arriendopucon.cl\/index.php?rest_route=\/wp\/v2\/product"}],"about":[{"href":"https:\/\/arriendopucon.cl\/index.php?rest_route=\/wp\/v2\/types\/product"}],"replies":[{"embeddable":true,"href":"https:\/\/arriendopucon.cl\/index.php?rest_route=%2Fwp%2Fv2%2Fcomments&post=1619"}],"wp:featuredmedia":[{"embeddable":true,"href":"https:\/\/arriendopucon.cl\/index.php?rest_route=\/wp\/v2\/media\/1641"}],"wp:attachment":[{"href":"https:\/\/arriendopucon.cl\/index.php?rest_route=%2Fwp%2Fv2%2Fmedia&parent=1619"}],"curies":[{"name":"wp","href":"https:\/\/api.w.org\/{rel}","templated":true}]}}