{"id":1599,"date":"2023-11-06T19:59:36","date_gmt":"2023-11-06T19:59:36","guid":{"rendered":"https:\/\/arriendopucon.cl\/?post_type=product&#038;p=1599"},"modified":"2024-11-09T15:58:31","modified_gmt":"2024-11-09T15:58:31","slug":"departamento-edificio-los-boldos-3-dormitorios-2-banos","status":"publish","type":"product","link":"https:\/\/arriendopucon.cl\/?product=departamento-edificio-los-boldos-3-dormitorios-2-banos","title":{"rendered":"Departamento Edificio Los Boldos<br><i class=\"fas fa-bed\"><\/i> 3 Dormitorios &nbsp;|&nbsp; <i class=\"fas fa-bath\"><\/i> 2 Ba\u00f1os"},"content":{"rendered":"<p><iframe loading=\"lazy\" style=\"border: 0;\" src=\"https:\/\/www.google.com\/maps\/embed?pb=!1m18!1m12!1m3!1d24709.07432350028!2d-72.01480150222775!3d-39.27386360415677!2m3!1f0!2f0!3f0!3m2!1i1024!2i768!4f13.1!3m3!1m2!1s0x96147f89b6a9e8e9%3A0xcf9ab69ab99b3131!2sLos%20Boldos%20de%20La%20Poza!5e0!3m2!1ses-419!2scl!4v1699300874126!5m2!1ses-419!2scl\" width=\"600\" height=\"450\" allowfullscreen=\"allowfullscreen\"><\/iframe><\/p>\n","protected":false},"excerpt":{"rendered":"<p style=\"text-align: justify;\">Precioso departamento nuevo, con finas terminaciones, en edificio nuevo \u00abLos Boldos\u00bb en inmejorable ubicaci\u00f3n, frente a La Poza de Puc\u00f3n, a pocos pasos del centro, con espectacular vista al volc\u00e1n y al lago. Departamento de 83 mts2 + 18 mts2 de terraza con vista panor\u00e1mica. Cuenta con 3 dormitorios y 2 ba\u00f1os (principal en suite), cocina integrada totalmente equipada (cuenta con lavavajillas), comedor y living con acceso a amplia terraza. Lavadero equipado con lavadora y secadora. Calefacci\u00f3n central en base a caldera a gas (Consumo por concepto de gas y luz se cobra aparte), 2 estacionamientos. Propiedad ideal para disfrutar junto a la familia en las vacaciones, en un lugar seguro y a pocos pasos del centro, perfecto para quienes buscan no tener que ocupar auto.<br \/>\nEl edificio cuenta con piscina, ascensor, port\u00f3n el\u00e9ctrico, conserjer\u00eda diurna.<\/p>\n<p><strong><i class=\"fas fa-bed\"><\/i> Dormitorios: 3<\/strong><br \/>\n<strong><i class=\"fas fa-chair\"><\/i> Living, comedor, cocina integrada equipada<\/strong><br \/>\n<strong><i class=\"fas fa-bath\"><\/i> Ba\u00f1os: 2<\/strong><br \/>\n<i class=\"fab fa-hotjar\"><\/i> <strong>Calefacci\u00f3n central<\/strong><br \/>\n<strong><i class=\"fas fa-mountain\"><\/i>Terraza equipada con vista a La Poza y volc\u00e1n<\/strong><br \/>\n<strong><i class=\"fas fa-swimming-pool\"><\/i> Piscina<\/strong><br \/>\n<strong><i class=\"fas fa-umbrella-beach\"><\/i> Frente al lago<\/strong><\/p>\n<p>Valor por noche temporada baja: $200.000<br \/>\nValor por noche enero en adelante: $250.000<br \/>\n*M\u00ednimo estad\u00eda 7 noches<br \/>\nAseo final: $45.000<br \/>\nComisi\u00f3n corretaje 10% del total de noches arrendadas<\/p>\n<p>HORARIO CHECK IN: 16:00 hrs.<br \/>\nHORARIO CHECK OUT: 12:00 hrs<\/p>\n<p>OTRAS OBSERVACIONES:<br \/>\n* M\u00e1ximo 8 hu\u00e9spedes<br \/>\n* Arriendo incluye s\u00e1banas<br \/>\n* No se aceptan mascotas<br \/>\n* Consumo por concepto de gas y luz se cobra aparte segun estado de medidor al check in y check out<\/p>\n","protected":false},"featured_media":1618,"comment_status":"open","ping_status":"closed","template":"","meta":[],"class_list":{"0":"post-1599","1":"product","2":"type-product","3":"status-publish","4":"has-post-thumbnail","6":"product_cat-arriendo-por-dia","7":"product_cat-arriendo-temporada","8":"product_cat-departamento","10":"entry","11":"has-media","13":"first","14":"instock","15":"shipping-taxable","16":"purchasable","17":"product-type-simple","18":"col","19":"span_1_of_4","20":"owp-content-center","21":"owp-thumbs-layout-horizontal","22":"owp-btn-normal","23":"owp-tabs-layout-horizontal"},"_links":{"self":[{"href":"https:\/\/arriendopucon.cl\/index.php?rest_route=\/wp\/v2\/product\/1599","targetHints":{"allow":["GET"]}}],"collection":[{"href":"https:\/\/arriendopucon.cl\/index.php?rest_route=\/wp\/v2\/product"}],"about":[{"href":"https:\/\/arriendopucon.cl\/index.php?rest_route=\/wp\/v2\/types\/product"}],"replies":[{"embeddable":true,"href":"https:\/\/arriendopucon.cl\/index.php?rest_route=%2Fwp%2Fv2%2Fcomments&post=1599"}],"wp:featuredmedia":[{"embeddable":true,"href":"https:\/\/arriendopucon.cl\/index.php?rest_route=\/wp\/v2\/media\/1618"}],"wp:attachment":[{"href":"https:\/\/arriendopucon.cl\/index.php?rest_route=%2Fwp%2Fv2%2Fmedia&parent=1599"}],"curies":[{"name":"wp","href":"https:\/\/api.w.org\/{rel}","templated":true}]}}