{"id":1568,"date":"2023-08-22T20:51:00","date_gmt":"2023-08-22T20:51:00","guid":{"rendered":"https:\/\/arriendopucon.cl\/?post_type=product&#038;p=1568"},"modified":"2025-08-14T12:10:34","modified_gmt":"2025-08-14T12:10:34","slug":"casa-en-condominio-sector-loncotraro-3-dormitorios-3-banos","status":"publish","type":"product","link":"https:\/\/arriendopucon.cl\/?product=casa-en-condominio-sector-loncotraro-3-dormitorios-3-banos","title":{"rendered":"Casa en condominio sector Loncotraro<br><i class=\"fas fa-bed\"><\/i> 3 Dormitorios &nbsp;|&nbsp; <i class=\"fas fa-bath\"><\/i> 3 Ba\u00f1os"},"content":{"rendered":"<p><iframe loading=\"lazy\" style=\"border: 0;\" src=\"https:\/\/www.google.com\/maps\/embed?pb=!1m17!1m12!1m3!1d49394.321213672236!2d-72.07545987298582!3d-39.307634885452515!2m3!1f0!2f0!3f0!3m2!1i1024!2i768!4f13.1!3m2!1m1!2zMznCsDE4JzUyLjciUyA3MsKwMDQnNDYuMCJX!5e0!3m2!1ses!2scl!4v1692737543047!5m2!1ses!2scl\" width=\"600\" height=\"450\" allowfullscreen=\"allowfullscreen\"><\/iframe><\/p>\n","protected":false},"excerpt":{"rendered":"<p style=\"text-align: justify;\">Esta acogedora y moderna casa de hermoso dise\u00f1o disponible por A\u00d1O CORRIDO Y DESAMOBLADA, se encuentra ubicada en exclusivo condominio ubicado en el Km. 13 Cam. Villarrica \u2013 Puc\u00f3n, en sector Loncotraro. Propiedad de 135 Mts2 construidos y 80 mts2 de terraza en parcela de 5.000 mts2.<br \/>\nLa casa cuenta con hall de distribuci\u00f3n, iluminado living comedor con \u00abBosca Insert\u00bb y grandes ventanales que permiten una buena luminosidad de los espacios. Desde esta \u00e1rea com\u00fan, se accede a una amplia terraza con lindas vistas al bosque y jard\u00edn. Moderna cocina integrada y equipada con isla central, horno, encimera a gas y campana. Acogedora sala de estar, espacio ideal para ni\u00f1os o trabajo. La casa cuenta con tres dormitorios, principal en suite y walking closet, todos ellos con vista al jard\u00edn y acceso a terraza. Cuenta con dos ba\u00f1os m\u00e1s ba\u00f1o de visitas. Toda la propiedad cuenta con ventanas termopanel.<br \/>\nPosee logia cerrada conectada a la casa, despensa en corredor grande y espaciosa, calefacci\u00f3n central con termostato inteligente, mediante caldera con eficiencia energ\u00e9tica ANWO 2.0 y con radiadores distribuidos por toda la casa. La casa tiene dos jardines interiores, bodega y le\u00f1era techada. Estanque de gas soterrado de 2.000 lts. (se carga una vez al a\u00f1o, valor litro precio preferencial).<br \/>\nTodo el terreno esta delimitado y cercado con tranqueras, y en su deslinde poniente, una vista preciosa al estero Loncotraro. Condominio de alto est\u00e1ndar, con caminos interiores anchos y en buen estado, con acceso automatizado por port\u00f3n el\u00e9ctrico y apertura por llamado telef\u00f3nico. Propiedad emplazada en un lugar rodeado de naturaleza, ideal para disfrutar la vida en el sur, y a pocos minutos de las principales ciudades Villarrica y Puc\u00f3n, adem\u00e1s de comercio de todo tipo a escasos minutos en el sector de Molco (minimarkets, verduler\u00edas, farmacia y m\u00e1s).<\/p>\n<p><strong><i class=\"fas fa-bed\"><\/i> Dormitorios: 3<\/strong><br \/>\n<strong><i class=\"fas fa-bath\"><\/i> Ba\u00f1os: 3<\/strong><br \/>\n<strong><i class=\"fas fa-chair\"><\/i> Living, comedor, cocina integrada equipada<\/strong><br \/>\n<strong><i class=\"fas fa-mountain\"><\/i>Terraza<\/strong><br \/>\n<strong><i class=\"fas fa-car\"><\/i> Estacionamientos: 3<\/strong><\/p>\n<p>Valor arriendo: $1.400.000 (GGCC, uso de agua y mantenci\u00f3n de jard\u00edn incluido)<br \/>\nCuentas de luz y gas se pagan aparte<br \/>\n*LA CASA SE ARRIENDA DESAMOBLADA<br \/>\nComisi\u00f3n corretaje equivalente a medio mes de arriendo.<\/p>\n<p>Requisitos para arrendar:<br \/>\nInforme Dicom<br \/>\nAcreditaci\u00f3n de renta<br \/>\n3 \u00faltimas liquidaciones de sueldo<br \/>\n1 Mes de garant\u00eda<\/p>\n","protected":false},"featured_media":1581,"comment_status":"open","ping_status":"closed","template":"","meta":[],"class_list":{"0":"post-1568","1":"product","2":"type-product","3":"status-publish","4":"has-post-thumbnail","6":"product_cat-arriendo-ano-corrido","7":"product_cat-arriendo-mensual","8":"product_cat-casa","10":"entry","11":"has-media","13":"first","14":"outofstock","15":"shipping-taxable","16":"purchasable","17":"product-type-simple","18":"col","19":"span_1_of_4","20":"owp-content-center","21":"owp-thumbs-layout-horizontal","22":"owp-btn-normal","23":"owp-tabs-layout-horizontal"},"_links":{"self":[{"href":"https:\/\/arriendopucon.cl\/index.php?rest_route=\/wp\/v2\/product\/1568","targetHints":{"allow":["GET"]}}],"collection":[{"href":"https:\/\/arriendopucon.cl\/index.php?rest_route=\/wp\/v2\/product"}],"about":[{"href":"https:\/\/arriendopucon.cl\/index.php?rest_route=\/wp\/v2\/types\/product"}],"replies":[{"embeddable":true,"href":"https:\/\/arriendopucon.cl\/index.php?rest_route=%2Fwp%2Fv2%2Fcomments&post=1568"}],"wp:featuredmedia":[{"embeddable":true,"href":"https:\/\/arriendopucon.cl\/index.php?rest_route=\/wp\/v2\/media\/1581"}],"wp:attachment":[{"href":"https:\/\/arriendopucon.cl\/index.php?rest_route=%2Fwp%2Fv2%2Fmedia&parent=1568"}],"curies":[{"name":"wp","href":"https:\/\/api.w.org\/{rel}","templated":true}]}}