{"id":1372,"date":"2023-03-30T22:21:57","date_gmt":"2023-03-30T22:21:57","guid":{"rendered":"https:\/\/arriendopucon.cl\/?post_type=product&#038;p=1372"},"modified":"2023-04-06T18:52:00","modified_gmt":"2023-04-06T18:52:00","slug":"casa-condominio-mirador-de-pucon-4-dormitorios-3-banos","status":"publish","type":"product","link":"https:\/\/arriendopucon.cl\/?product=casa-condominio-mirador-de-pucon-4-dormitorios-3-banos","title":{"rendered":"Casa Condominio Mirador de Puc\u00f3n<br><i class=\"fas fa-bed\"><\/i> 4 Dormitorios &nbsp;|&nbsp; <i class=\"fas fa-bath\"><\/i> 3 Ba\u00f1os"},"content":{"rendered":"<p><iframe loading=\"lazy\" style=\"border: 0;\" src=\"https:\/\/www.google.com\/maps\/embed?pb=!1m17!1m12!1m3!1d12348.128770771664!2d-71.9988162274484!3d-39.3101937729484!2m3!1f0!2f0!3f0!3m2!1i1024!2i768!4f13.1!3m2!1m1!2zMznCsDE4JzM2LjciUyA3McKwNTknMTYuOSJX!5e0!3m2!1ses-419!2scl!4v1680215076217!5m2!1ses-419!2scl\" width=\"600\" height=\"450\" allowfullscreen=\"allowfullscreen\"><\/iframe><\/p>\n","protected":false},"excerpt":{"rendered":"<p style=\"text-align: justify;\">Preciosa y c\u00f3moda casa de 240 mts2 en terreno de 5.000 mts2 ubicada en Km 2.5 camino Candelaria, Condominio \u00abMirador de Puc\u00f3n\u00bb, disponible por a\u00f1o corrido.<br \/>\nLa casa cuenta con 4 dormitorios y 3 ba\u00f1os, living, comedor, cocina americana, logia exterior techada, calefacci\u00f3n tipo combusti\u00f3n lenta (bosca). Internet y TV cable disponibles.<br \/>\nAdem\u00e1s cuenta con un quincho con ba\u00f1o, piscina y tinaja \u00abHot tub\u00bb.<\/p>\n<p><strong><i class=\"fas fa-bed\"><\/i> Dormitorios: 4<\/strong><br \/>\n<strong><i class=\"fas fa-chair\"><\/i> Living, comedor, cocina equipada<\/strong><br \/>\n<strong><i class=\"fas fa-bath\"><\/i> Ba\u00f1os: 3<\/strong><br \/>\n<strong><i class=\"fas fa-mountain\"><\/i>Terraza<br \/>\n<strong><i class=\"fas fa-store-alt\"><\/i> Quincho<\/strong><br \/>\n<strong><i class=\"fas fa-swimming-pool\"><\/i> Piscina y Hot tube<\/strong><\/strong><\/p>\n<p>Valor por a\u00f1o corrido amoblado: $1.400.000 (gastos comunes incluidos)<br \/>\nValor por a\u00f1o corrido sin muebles: $1.200.000 (gastos comunes incluidos)<br \/>\n*Cuentas de servicios b\u00e1sicos se pagan aparte<br \/>\n*Se acepta mascota solo en exterior, no hay cerco<\/p>\n<p>Requisitos para arrendar<br \/>\nInforme Dicom<br \/>\nAcreditaci\u00f3n de renta<br \/>\n3 \u00faltimas liquidaciones de sueldo<br \/>\n1 Mes de garant\u00eda<\/p>\n<p>Comisi\u00f3n corretaje 50% del valor de 1 mes.<\/p>\n","protected":false},"featured_media":1408,"comment_status":"open","ping_status":"closed","template":"","meta":[],"class_list":{"0":"post-1372","1":"product","2":"type-product","3":"status-publish","4":"has-post-thumbnail","6":"product_cat-arriendo-ano-corrido","7":"product_cat-arriendo-mensual","8":"product_cat-casa","10":"entry","11":"has-media","13":"first","14":"outofstock","15":"shipping-taxable","16":"purchasable","17":"product-type-simple","18":"col","19":"span_1_of_4","20":"owp-content-center","21":"owp-thumbs-layout-horizontal","22":"owp-btn-normal","23":"owp-tabs-layout-horizontal"},"_links":{"self":[{"href":"https:\/\/arriendopucon.cl\/index.php?rest_route=\/wp\/v2\/product\/1372","targetHints":{"allow":["GET"]}}],"collection":[{"href":"https:\/\/arriendopucon.cl\/index.php?rest_route=\/wp\/v2\/product"}],"about":[{"href":"https:\/\/arriendopucon.cl\/index.php?rest_route=\/wp\/v2\/types\/product"}],"replies":[{"embeddable":true,"href":"https:\/\/arriendopucon.cl\/index.php?rest_route=%2Fwp%2Fv2%2Fcomments&post=1372"}],"wp:featuredmedia":[{"embeddable":true,"href":"https:\/\/arriendopucon.cl\/index.php?rest_route=\/wp\/v2\/media\/1408"}],"wp:attachment":[{"href":"https:\/\/arriendopucon.cl\/index.php?rest_route=%2Fwp%2Fv2%2Fmedia&parent=1372"}],"curies":[{"name":"wp","href":"https:\/\/api.w.org\/{rel}","templated":true}]}}