{"id":1155,"date":"2022-10-05T22:12:30","date_gmt":"2022-10-05T22:12:30","guid":{"rendered":"https:\/\/arriendopucon.cl\/?post_type=product&#038;p=1155"},"modified":"2022-10-28T14:56:11","modified_gmt":"2022-10-28T14:56:11","slug":"casa-loteo-alto-puyen-3-dormitorios-2-banos","status":"publish","type":"product","link":"https:\/\/arriendopucon.cl\/?product=casa-loteo-alto-puyen-3-dormitorios-2-banos","title":{"rendered":"Casa Loteo Alto Puyen<br><i class=\"fas fa-bed\"><\/i> 3 Dormitorios &nbsp;|&nbsp; <i class=\"fas fa-bath\"><\/i> 2 Ba\u00f1os"},"content":{"rendered":"<p><iframe loading=\"lazy\" style=\"border: 0;\" src=\"https:\/\/www.google.com\/maps\/embed?pb=!1m18!1m12!1m3!1d24699.481334946206!2d-72.02044696282451!3d-39.30105832836616!2m3!1f0!2f0!3f0!3m2!1i1024!2i768!4f13.1!3m3!1m2!1s0x0%3A0x6ce3a203d6bf8bb1!2s47G9MXXW%2BHR!5e0!3m2!1ses-419!2scl!4v1665008092679!5m2!1ses-419!2scl\" width=\"600\" height=\"450\" allowfullscreen=\"allowfullscreen\"><\/iframe><\/p>\n","protected":false},"excerpt":{"rendered":"<p style=\"text-align: justify;\">Linda y acogedora casa de 150 mts2 en terreno de 5.000 mts2, sector Candelaria baja, a pocos minutos del centro de Puc\u00f3n.<br \/>\nCuenta con 3 dormitorios, principal en suite con cama king, segundo dormitorio con cama matrimonial y tercer dormitorio con cama nido, 2 ba\u00f1os. Comedor y living con salida a amplia terraza. Espaciosa cocina con salida a amplio lavadero equipado con lavadora. Calefacci\u00f3n central por radiadores mediante estufa a le\u00f1a, ventanas de termo panel en toda la propiedad, DirecTv prepago disponible. La casa cuenta con una hermosa vista al lago y tambi\u00e9n al volc\u00e1n y se encuentra a solo 7 minutos de Puc\u00f3n (4.5 km).<\/p>\n<p><strong><i class=\"fas fa-bed\"><\/i> Dormitorios: 3<\/strong><br \/>\n<strong><i class=\"fas fa-chair\"><\/i> Living, comedor, cocina equipada<\/strong><br \/>\n<strong><i class=\"fas fa-bath\"><\/i> Ba\u00f1os: 2<\/strong><br \/>\n<strong><i class=\"fas fa-mountain\"><\/i>2 Terrazas, vista al lago y volc\u00e1n<\/strong><\/p>\n<p>VALORES POR NOCHE:<br \/>\nSegunda quincena diciembre: $150.000<br \/>\nEnero y Febrero: $180.000<br \/>\n*m\u00ednimo de estad\u00eda quincena<\/p>\n<p>Aseo final y lavander\u00eda se paga por separado (40.000)<\/p>\n<p>Comisi\u00f3n corretaje 10% del total de noches arrendadas.<\/p>\n<p>HORARIO CHECK IN: 15:00 hrs.<br \/>\nHORARIO CHECK OUT: 12:00 hrs.<\/p>\n<p>*Disponible tambi\u00e9n para arriendo por a\u00f1o corrido:<br \/>\nenero y febrero $1.250.000 mensual<br \/>\nmarzo a diciembre $900.000 mensual<\/p>\n<p>OTRAS OBSERVACIONES:<br \/>\n* M\u00e1ximo 6 hu\u00e9spedes<br \/>\n* Arriendo incluye s\u00e1banas y toallas, lavander\u00eda se paga aparte<br \/>\n* Se aceptan mascotas solo en jard\u00edn y en patio de servicio (lavadero)<\/p>\n","protected":false},"featured_media":1168,"comment_status":"open","ping_status":"closed","template":"","meta":[],"class_list":{"0":"post-1155","1":"product","2":"type-product","3":"status-publish","4":"has-post-thumbnail","6":"product_cat-arriendo-por-dia","7":"product_cat-arriendo-temporada","8":"product_cat-casa","10":"entry","11":"has-media","13":"first","14":"outofstock","15":"shipping-taxable","16":"purchasable","17":"product-type-simple","18":"col","19":"span_1_of_4","20":"owp-content-center","21":"owp-thumbs-layout-horizontal","22":"owp-btn-normal","23":"owp-tabs-layout-horizontal"},"_links":{"self":[{"href":"https:\/\/arriendopucon.cl\/index.php?rest_route=\/wp\/v2\/product\/1155","targetHints":{"allow":["GET"]}}],"collection":[{"href":"https:\/\/arriendopucon.cl\/index.php?rest_route=\/wp\/v2\/product"}],"about":[{"href":"https:\/\/arriendopucon.cl\/index.php?rest_route=\/wp\/v2\/types\/product"}],"replies":[{"embeddable":true,"href":"https:\/\/arriendopucon.cl\/index.php?rest_route=%2Fwp%2Fv2%2Fcomments&post=1155"}],"wp:featuredmedia":[{"embeddable":true,"href":"https:\/\/arriendopucon.cl\/index.php?rest_route=\/wp\/v2\/media\/1168"}],"wp:attachment":[{"href":"https:\/\/arriendopucon.cl\/index.php?rest_route=%2Fwp%2Fv2%2Fmedia&parent=1155"}],"curies":[{"name":"wp","href":"https:\/\/api.w.org\/{rel}","templated":true}]}}