{"id":1131,"date":"2022-10-05T20:59:20","date_gmt":"2022-10-05T20:59:20","guid":{"rendered":"https:\/\/arriendopucon.cl\/?post_type=product&#038;p=1131"},"modified":"2024-08-20T19:53:37","modified_gmt":"2024-08-20T19:53:37","slug":"departamento-condominio-costa-pucon-3-dormitorios-2-banos","status":"publish","type":"product","link":"https:\/\/arriendopucon.cl\/?product=departamento-condominio-costa-pucon-3-dormitorios-2-banos","title":{"rendered":"Departamento Condominio Costa Puc\u00f3n<br><strong><i class=\"fas fa-bed\"><\/i> 3 Dormitorios<\/strong> &nbsp;|&nbsp; <strong><i class=\"fas fa-bath\"><\/i> 2 Ba\u00f1os<\/strong>"},"content":{"rendered":"<p><iframe loading=\"lazy\" style=\"border: 0;\" src=\"https:\/\/www.google.com\/maps\/embed?pb=!1m18!1m12!1m3!1d3088.8457654358167!2d-71.97616468271693!3d-39.269065960460324!2m3!1f0!2f0!3f0!3m2!1i1024!2i768!4f13.1!3m3!1m2!1s0x0%3A0x827ad43355fb3b51!2zMznCsDE2JzA4LjYiUyA3McKwNTgnMjYuMyJX!5e0!3m2!1ses-419!2scl!4v1665003995056!5m2!1ses-419!2scl\" width=\"600\" height=\"450\" allowfullscreen=\"allowfullscreen\"><span data-mce-type=\"bookmark\" style=\"display: inline-block; width: 0px; overflow: hidden; line-height: 0;\" class=\"mce_SELRES_start\">\ufeff<\/span><\/iframe><\/p>\n","protected":false},"excerpt":{"rendered":"<p style=\"text-align: justify;\">Excelente y c\u00f3modo departamento en condominio a pasos de la playa de Puc\u00f3n.<\/p>\n<p>El departamento se encuentra en un 1er piso, cuenta con 3 dormitorios, principal en suite, segundo dormitorio con cama matrimonial y tercer dormitorio con camarote, 2 ba\u00f1os. Cocina americana equipada con lavavajillas, comedor y living con salida a amplia terraza con parrilla y vista al volc\u00e1n. El departamento cuenta con Wifi y 2 Smart TV (no hay tv cable), calefacci\u00f3n central en base a caldera a gas (consumo por concepto de gas se cobra aparte seg\u00fan estado de medidor al check in y check out).<br \/>\n1 estacionamiento. El condominio cuenta con 2 piscinas, quinchos con sal\u00f3n de eventos, juegos infantiles y acceso directo a playa de Puc\u00f3n. Lugar ideal para disfrutar en familia en una excelente ubicaci\u00f3n muy cercana al centro y a la playa.<\/p>\n<p style=\"text-align: justify;\"><strong>Dormitorios: 3<br \/>\n<\/strong><strong>Living, comedor, cocina americana<\/strong><br \/>\n<strong><i class=\"fas fa-bath\"><\/i> Ba\u00f1os: 2<\/strong><br \/>\n<strong><i class=\"fas fa-car\"><\/i> Estacionamientos: 1<\/strong><br \/>\n<strong><i class=\"fas fa-tv\"><\/i> Televisi\u00f3n: SmartTv<\/strong><br \/>\n<strong><i class=\"fas fa-mountain\"><\/i> Terraza (Parrilla) con vista al Volc\u00e1n<\/strong><br \/>\n<strong><i class=\"fas fa-store-alt\"><\/i> Quinchos: 2 (con Sal\u00f3n de Eventos)<\/strong><br \/>\n<strong><i class=\"fas fa-swimming-pool\"><\/i> Piscinas: 2<\/strong><br \/>\n<strong><i class=\"fas fa-umbrella-beach\"><\/i> A pasos de Playa de Puc\u00f3n<\/strong><\/p>\n<p>Valor por noche: $154.000<br \/>\nAseo final \/ Lavander\u00eda: $55.000<\/p>\n<p>Comisi\u00f3n corretaje 10% del total de noches arrendadas<br \/>\nHORARIO CHECK IN: 15:00 hrs.<br \/>\nHORARIO CHECK OUT: 12:00 hrs.<\/p>\n<p>OTRAS OBSERVACIONES:<br \/>\n* M\u00e1ximo 6 hu\u00e9spedes<br \/>\n* Arriendo incluye s\u00e1banas y toallas, lavander\u00eda se paga aparte<br \/>\n* Consumo por concepto de gas se cobra aparte<\/p>\n","protected":false},"featured_media":1153,"comment_status":"open","ping_status":"closed","template":"","meta":[],"class_list":{"0":"post-1131","1":"product","2":"type-product","3":"status-publish","4":"has-post-thumbnail","6":"product_cat-arriendo-por-dia","7":"product_cat-departamento","9":"entry","10":"has-media","12":"first","13":"instock","14":"shipping-taxable","15":"purchasable","16":"product-type-simple","17":"col","18":"span_1_of_4","19":"owp-content-center","20":"owp-thumbs-layout-horizontal","21":"owp-btn-normal","22":"owp-tabs-layout-horizontal"},"_links":{"self":[{"href":"https:\/\/arriendopucon.cl\/index.php?rest_route=\/wp\/v2\/product\/1131","targetHints":{"allow":["GET"]}}],"collection":[{"href":"https:\/\/arriendopucon.cl\/index.php?rest_route=\/wp\/v2\/product"}],"about":[{"href":"https:\/\/arriendopucon.cl\/index.php?rest_route=\/wp\/v2\/types\/product"}],"replies":[{"embeddable":true,"href":"https:\/\/arriendopucon.cl\/index.php?rest_route=%2Fwp%2Fv2%2Fcomments&post=1131"}],"wp:featuredmedia":[{"embeddable":true,"href":"https:\/\/arriendopucon.cl\/index.php?rest_route=\/wp\/v2\/media\/1153"}],"wp:attachment":[{"href":"https:\/\/arriendopucon.cl\/index.php?rest_route=%2Fwp%2Fv2%2Fmedia&parent=1131"}],"curies":[{"name":"wp","href":"https:\/\/api.w.org\/{rel}","templated":true}]}}